{"id":38,"date":"2019-11-02T10:58:04","date_gmt":"2019-11-02T09:58:04","guid":{"rendered":"http:\/\/dcarbon.eu\/?page_id=38"},"modified":"2019-12-18T22:42:01","modified_gmt":"2019-12-18T21:42:01","slug":"home","status":"publish","type":"page","link":"http:\/\/dcarbon.eu\/","title":{"rendered":"Home"},"content":{"rendered":"\t\t<div data-elementor-type=\"wp-page\" data-elementor-id=\"38\" class=\"elementor elementor-38\">\n\t\t\t\t\t\t<div class=\"elementor-inner\">\n\t\t\t\t<div class=\"elementor-section-wrap\">\n\t\t\t\t\t\t\t\t\t<section class=\"elementor-section elementor-top-section elementor-element elementor-element-86bd51e elementor-section-boxed elementor-section-height-default elementor-section-height-default\" data-id=\"86bd51e\" data-element_type=\"section\">\n\t\t\t\t\t\t<div class=\"elementor-container elementor-column-gap-default\">\n\t\t\t\t\t\t\t<div class=\"elementor-row\">\n\t\t\t\t\t<div class=\"elementor-column elementor-col-100 elementor-top-column elementor-element elementor-element-2deacc1\" data-id=\"2deacc1\" data-element_type=\"column\">\n\t\t\t<div class=\"elementor-column-wrap elementor-element-populated\">\n\t\t\t\t\t\t\t<div class=\"elementor-widget-wrap\">\n\t\t\t\t\t\t<div class=\"elementor-element elementor-element-8f01a66 elementor-widget elementor-widget-spacer\" data-id=\"8f01a66\" data-element_type=\"widget\" data-widget_type=\"spacer.default\">\n\t\t\t\t<div class=\"elementor-widget-container\">\n\t\t\t\t\t<div class=\"elementor-spacer\">\n\t\t\t<div class=\"elementor-spacer-inner\"><\/div>\n\t\t<\/div>\n\t\t\t\t<\/div>\n\t\t\t\t<\/div>\n\t\t\t\t\t\t<\/div>\n\t\t\t\t\t<\/div>\n\t\t<\/div>\n\t\t\t\t\t\t\t\t<\/div>\n\t\t\t\t\t<\/div>\n\t\t<\/section>\n\t\t\t\t<section class=\"elementor-section elementor-top-section elementor-element elementor-element-5521ad5 elementor-section-boxed elementor-section-height-default elementor-section-height-default\" data-id=\"5521ad5\" data-element_type=\"section\">\n\t\t\t\t\t\t<div class=\"elementor-container elementor-column-gap-default\">\n\t\t\t\t\t\t\t<div class=\"elementor-row\">\n\t\t\t\t\t<div class=\"elementor-column elementor-col-100 elementor-top-column elementor-element elementor-element-42f63ec\" data-id=\"42f63ec\" data-element_type=\"column\">\n\t\t\t<div class=\"elementor-column-wrap elementor-element-populated\">\n\t\t\t\t\t\t\t<div class=\"elementor-widget-wrap\">\n\t\t\t\t\t\t<div class=\"elementor-element elementor-element-e7bf415 elementor-widget-divider--view-line elementor-widget elementor-widget-divider\" data-id=\"e7bf415\" data-element_type=\"widget\" data-widget_type=\"divider.default\">\n\t\t\t\t<div class=\"elementor-widget-container\">\n\t\t\t\t\t<div class=\"elementor-divider\">\n\t\t\t<span class=\"elementor-divider-separator\">\n\t\t\t\t\t\t<\/span>\n\t\t<\/div>\n\t\t\t\t<\/div>\n\t\t\t\t<\/div>\n\t\t\t\t\t\t<\/div>\n\t\t\t\t\t<\/div>\n\t\t<\/div>\n\t\t\t\t\t\t\t\t<\/div>\n\t\t\t\t\t<\/div>\n\t\t<\/section>\n\t\t\t\t<section class=\"elementor-section elementor-top-section elementor-element elementor-element-2638446 elementor-section-boxed elementor-section-height-default elementor-section-height-default\" data-id=\"2638446\" data-element_type=\"section\">\n\t\t\t\t\t\t<div class=\"elementor-container elementor-column-gap-default\">\n\t\t\t\t\t\t\t<div class=\"elementor-row\">\n\t\t\t\t\t<div class=\"elementor-column elementor-col-100 elementor-top-column elementor-element elementor-element-e0e305a\" data-id=\"e0e305a\" data-element_type=\"column\">\n\t\t\t<div class=\"elementor-column-wrap elementor-element-populated\">\n\t\t\t\t\t\t\t<div class=\"elementor-widget-wrap\">\n\t\t\t\t\t\t<div class=\"elementor-element elementor-element-8ad2222 elementor-widget elementor-widget-text-editor\" data-id=\"8ad2222\" data-element_type=\"widget\" data-widget_type=\"text-editor.default\">\n\t\t\t\t<div class=\"elementor-widget-container\">\n\t\t\t\t\t\t\t\t<div class=\"elementor-text-editor elementor-clearfix\">\n\t\t\t\t<style>.wp-show-posts-columns#wpsp-381 {margin-left: -2em; }.wp-show-posts-columns#wpsp-381 .wp-show-posts-inner {margin: 0 0 2em 2em; }<\/style><section id=\"wpsp-381\" class=\" wp-show-posts-columns wp-show-posts\" style=\"\"><article class=\" wp-show-posts-single post-369 post type-post status-publish format-standard has-post-thumbnail hentry category-ecothermis wpsp-col-6\" itemtype=\"http:\/\/schema.org\/CreativeWork\" itemscope><div class=\"wp-show-posts-inner\" style=\"\">\t\t\t\t\t\t<header class=\"wp-show-posts-entry-header\">\n\t\t\t\t\t\t\t<h4 class=\"wp-show-posts-entry-title\" itemprop=\"headline\"><a href=\"https:\/\/dcarbon.eu\/index.php\/2019\/12\/17\/ecothermis-selected-as-one-of-the-2019-be-circular-winning-projects\/\" rel=\"bookmark\">Ecothermis selected as one of the 2019 Be Circular winning projects<\/a><\/h4><div class=\"wp-show-posts-entry-meta wp-show-posts-entry-meta-below-title post-meta-inline\"><span class=\"wp-show-posts-posted-on wp-show-posts-meta\">\n\t\t\t\t\t<a href=\"https:\/\/dcarbon.eu\/index.php\/2019\/12\/17\/ecothermis-selected-as-one-of-the-2019-be-circular-winning-projects\/\" title=\"13 h 13 min\" rel=\"bookmark\"><time class=\"wp-show-posts-entry-date published\" datetime=\"2019-12-17T13:13:27+01:00\" itemprop=\"datePublished\">17 December 2019<\/time><time class=\"wp-show-posts-updated\" datetime=\"2020-07-01T15:44:42+02:00\" itemprop=\"dateModified\">1 July 2020<\/time><\/a>\n\t\t\t\t<\/span><\/div>\t\t\t\t\t\t<\/header><!-- .entry-header -->\n\t\t\t\t\t\t\t<div class=\"wp-show-posts-image  wpsp-image-center \">\n\t\t\t<a href=\"https:\/\/dcarbon.eu\/index.php\/2019\/12\/17\/ecothermis-selected-as-one-of-the-2019-be-circular-winning-projects\/\"  title=\"Ecothermis selected as one of the 2019 Be Circular winning projects\"><img loading=\"lazy\" decoding=\"async\" width=\"900\" height=\"420\" src=\"https:\/\/dcarbon.eu\/wp-content\/uploads\/2019\/12\/wc_art_bxl_circular_economy_en_16dcda41-c421-4147-931f-0e0db1320c2f.jpg\" class=\"attachment-full size-full wp-post-image\" alt=\"\" itemprop=\"image\" srcset=\"https:\/\/dcarbon.eu\/wp-content\/uploads\/2019\/12\/wc_art_bxl_circular_economy_en_16dcda41-c421-4147-931f-0e0db1320c2f.jpg 900w, https:\/\/dcarbon.eu\/wp-content\/uploads\/2019\/12\/wc_art_bxl_circular_economy_en_16dcda41-c421-4147-931f-0e0db1320c2f-300x140.jpg 300w, https:\/\/dcarbon.eu\/wp-content\/uploads\/2019\/12\/wc_art_bxl_circular_economy_en_16dcda41-c421-4147-931f-0e0db1320c2f-768x358.jpg 768w, https:\/\/dcarbon.eu\/wp-content\/uploads\/2019\/12\/wc_art_bxl_circular_economy_en_16dcda41-c421-4147-931f-0e0db1320c2f-830x387.jpg 830w, https:\/\/dcarbon.eu\/wp-content\/uploads\/2019\/12\/wc_art_bxl_circular_economy_en_16dcda41-c421-4147-931f-0e0db1320c2f-230x107.jpg 230w, https:\/\/dcarbon.eu\/wp-content\/uploads\/2019\/12\/wc_art_bxl_circular_economy_en_16dcda41-c421-4147-931f-0e0db1320c2f-350x163.jpg 350w, https:\/\/dcarbon.eu\/wp-content\/uploads\/2019\/12\/wc_art_bxl_circular_economy_en_16dcda41-c421-4147-931f-0e0db1320c2f-480x224.jpg 480w\" sizes=\"auto, (max-width: 900px) 100vw, 900px\" \/><\/a>\t\t<\/div>\n\t\t\t\t\t\t\t\t<div class=\"wp-show-posts-entry-summary\" itemprop=\"text\">\n\t\t\t\t\t\t\t<p>Through the Circular Economy Program, PREC, the government of the Brussels-Capital Region defines a framework to encourage the transformation of a linear economy (extract &#8211; produce &#8211; consume &#8211; throw)&#8230;<\/p>\n\t\t\t\t\t\t<\/div><!-- .entry-summary -->\n\t\t\t\t\t<div class=\"wpsp-read-more\"><a title=\"Ecothermis selected as one of the 2019 Be Circular winning projects\" class=\"wp-show-posts-read-more\" href=\"https:\/\/dcarbon.eu\/index.php\/2019\/12\/17\/ecothermis-selected-as-one-of-the-2019-be-circular-winning-projects\/\">+<\/a><\/div><\/div><!-- wp-show-posts-inner --><\/article><article class=\" wp-show-posts-single post-364 post type-post status-publish format-standard has-post-thumbnail hentry category-ecothermis wpsp-col-6\" itemtype=\"http:\/\/schema.org\/CreativeWork\" itemscope><div class=\"wp-show-posts-inner\" style=\"\">\t\t\t\t\t\t<header class=\"wp-show-posts-entry-header\">\n\t\t\t\t\t\t\t<h4 class=\"wp-show-posts-entry-title\" itemprop=\"headline\"><a href=\"https:\/\/dcarbon.eu\/index.php\/fr\/2019\/12\/17\/ecothermis-choisi-comme-un-des-projets-laureats-be-circular-2019\/\" rel=\"bookmark\">Ecothermis choisi comme un des projets Laur\u00e9ats Be Circular 2019<\/a><\/h4><div class=\"wp-show-posts-entry-meta wp-show-posts-entry-meta-below-title post-meta-inline\"><span class=\"wp-show-posts-posted-on wp-show-posts-meta\">\n\t\t\t\t\t<a href=\"https:\/\/dcarbon.eu\/index.php\/fr\/2019\/12\/17\/ecothermis-choisi-comme-un-des-projets-laureats-be-circular-2019\/\" title=\"13 h 10 min\" rel=\"bookmark\"><time class=\"wp-show-posts-entry-date published\" datetime=\"2019-12-17T13:10:24+01:00\" itemprop=\"datePublished\">17 December 2019<\/time><time class=\"wp-show-posts-updated\" datetime=\"2019-12-17T21:46:53+01:00\" itemprop=\"dateModified\">17 December 2019<\/time><\/a>\n\t\t\t\t<\/span><\/div>\t\t\t\t\t\t<\/header><!-- .entry-header -->\n\t\t\t\t\t\t\t<div class=\"wp-show-posts-image  wpsp-image-center \">\n\t\t\t<a href=\"https:\/\/dcarbon.eu\/index.php\/fr\/2019\/12\/17\/ecothermis-choisi-comme-un-des-projets-laureats-be-circular-2019\/\"  title=\"Ecothermis choisi comme un des projets Laur\u00e9ats Be Circular 2019\"><img loading=\"lazy\" decoding=\"async\" width=\"900\" height=\"420\" src=\"https:\/\/dcarbon.eu\/wp-content\/uploads\/2019\/12\/wc_art_bxl_circular_economy_en_16dcda41-c421-4147-931f-0e0db1320c2f.jpg\" class=\"attachment-full size-full wp-post-image\" alt=\"\" itemprop=\"image\" srcset=\"https:\/\/dcarbon.eu\/wp-content\/uploads\/2019\/12\/wc_art_bxl_circular_economy_en_16dcda41-c421-4147-931f-0e0db1320c2f.jpg 900w, https:\/\/dcarbon.eu\/wp-content\/uploads\/2019\/12\/wc_art_bxl_circular_economy_en_16dcda41-c421-4147-931f-0e0db1320c2f-300x140.jpg 300w, https:\/\/dcarbon.eu\/wp-content\/uploads\/2019\/12\/wc_art_bxl_circular_economy_en_16dcda41-c421-4147-931f-0e0db1320c2f-768x358.jpg 768w, https:\/\/dcarbon.eu\/wp-content\/uploads\/2019\/12\/wc_art_bxl_circular_economy_en_16dcda41-c421-4147-931f-0e0db1320c2f-830x387.jpg 830w, https:\/\/dcarbon.eu\/wp-content\/uploads\/2019\/12\/wc_art_bxl_circular_economy_en_16dcda41-c421-4147-931f-0e0db1320c2f-230x107.jpg 230w, https:\/\/dcarbon.eu\/wp-content\/uploads\/2019\/12\/wc_art_bxl_circular_economy_en_16dcda41-c421-4147-931f-0e0db1320c2f-350x163.jpg 350w, https:\/\/dcarbon.eu\/wp-content\/uploads\/2019\/12\/wc_art_bxl_circular_economy_en_16dcda41-c421-4147-931f-0e0db1320c2f-480x224.jpg 480w\" sizes=\"auto, (max-width: 900px) 100vw, 900px\" \/><\/a>\t\t<\/div>\n\t\t\t\t\t\t\t\t<div class=\"wp-show-posts-entry-summary\" itemprop=\"text\">\n\t\t\t\t\t\t\t<p>A travers le Programme en Economie Circulaire, PREC, le gouvernement de la R\u00e9gion de Bruxelles Capitale d\u00e9finit un cadre de travail pour encourager la transformation d\u2019une \u00e9conomie lin\u00e9aire (extraire \u2013&#8230;<\/p>\n\t\t\t\t\t\t<\/div><!-- .entry-summary -->\n\t\t\t\t\t<div class=\"wpsp-read-more\"><a title=\"Ecothermis choisi comme un des projets Laur\u00e9ats Be Circular 2019\" class=\"wp-show-posts-read-more\" href=\"https:\/\/dcarbon.eu\/index.php\/fr\/2019\/12\/17\/ecothermis-choisi-comme-un-des-projets-laureats-be-circular-2019\/\">+<\/a><\/div><\/div><!-- wp-show-posts-inner --><\/article><article class=\" wp-show-posts-single post-342 post type-post status-publish format-standard has-post-thumbnail hentry category-general wpsp-col-6\" itemtype=\"http:\/\/schema.org\/CreativeWork\" itemscope><div class=\"wp-show-posts-inner\" style=\"\">\t\t\t\t\t\t<header class=\"wp-show-posts-entry-header\">\n\t\t\t\t\t\t\t<h4 class=\"wp-show-posts-entry-title\" itemprop=\"headline\"><a href=\"https:\/\/dcarbon.eu\/index.php\/fr\/2019\/12\/12\/le-green-deal-europeen-leurope-sefforce-detre-le-premier-continent-climatiquement-neutre\/\" rel=\"bookmark\">Le Green Deal europ\u00e9en: l&#8217;Europe s&#8217;efforce d&#8217;\u00eatre le premier continent climatiquement neutre<\/a><\/h4><div class=\"wp-show-posts-entry-meta wp-show-posts-entry-meta-below-title post-meta-inline\"><span class=\"wp-show-posts-posted-on wp-show-posts-meta\">\n\t\t\t\t\t<a href=\"https:\/\/dcarbon.eu\/index.php\/fr\/2019\/12\/12\/le-green-deal-europeen-leurope-sefforce-detre-le-premier-continent-climatiquement-neutre\/\" title=\"17 h 11 min\" rel=\"bookmark\"><time class=\"wp-show-posts-entry-date published\" datetime=\"2019-12-12T17:11:23+01:00\" itemprop=\"datePublished\">12 December 2019<\/time><time class=\"wp-show-posts-updated\" datetime=\"2019-12-12T18:05:31+01:00\" itemprop=\"dateModified\">12 December 2019<\/time><\/a>\n\t\t\t\t<\/span><\/div>\t\t\t\t\t\t<\/header><!-- .entry-header -->\n\t\t\t\t\t\t\t<div class=\"wp-show-posts-image  wpsp-image-center \">\n\t\t\t<a href=\"https:\/\/dcarbon.eu\/index.php\/fr\/2019\/12\/12\/le-green-deal-europeen-leurope-sefforce-detre-le-premier-continent-climatiquement-neutre\/\"  title=\"Le Green Deal europ\u00e9en: l&#8217;Europe s&#8217;efforce d&#8217;\u00eatre le premier continent climatiquement neutre\"><img loading=\"lazy\" decoding=\"async\" width=\"1920\" height=\"1280\" src=\"https:\/\/dcarbon.eu\/wp-content\/uploads\/2019\/12\/europe-4689510_1920.jpg\" class=\"attachment-full size-full wp-post-image\" alt=\"\" itemprop=\"image\" srcset=\"https:\/\/dcarbon.eu\/wp-content\/uploads\/2019\/12\/europe-4689510_1920.jpg 1920w, https:\/\/dcarbon.eu\/wp-content\/uploads\/2019\/12\/europe-4689510_1920-300x200.jpg 300w, https:\/\/dcarbon.eu\/wp-content\/uploads\/2019\/12\/europe-4689510_1920-1024x683.jpg 1024w, https:\/\/dcarbon.eu\/wp-content\/uploads\/2019\/12\/europe-4689510_1920-768x512.jpg 768w, https:\/\/dcarbon.eu\/wp-content\/uploads\/2019\/12\/europe-4689510_1920-1536x1024.jpg 1536w, https:\/\/dcarbon.eu\/wp-content\/uploads\/2019\/12\/europe-4689510_1920-830x553.jpg 830w, https:\/\/dcarbon.eu\/wp-content\/uploads\/2019\/12\/europe-4689510_1920-230x153.jpg 230w, https:\/\/dcarbon.eu\/wp-content\/uploads\/2019\/12\/europe-4689510_1920-350x233.jpg 350w, https:\/\/dcarbon.eu\/wp-content\/uploads\/2019\/12\/europe-4689510_1920-480x320.jpg 480w\" sizes=\"auto, (max-width: 1920px) 100vw, 1920px\" \/><\/a>\t\t<\/div>\n\t\t\t\t\t\t\t\t<div class=\"wp-show-posts-entry-summary\" itemprop=\"text\">\n\t\t\t\t\t\t\t<p>Devenir le premier continent neutre sur le plan climatique d&#8217;ici 2050 est le plus grand d\u00e9fi et la meilleure opportunit\u00e9 de notre temps. Pour y parvenir, la Commission europ\u00e9enne a&#8230;<\/p>\n\t\t\t\t\t\t<\/div><!-- .entry-summary -->\n\t\t\t\t\t<div class=\"wpsp-read-more\"><a title=\"Le Green Deal europ\u00e9en: l&#8217;Europe s&#8217;efforce d&#8217;\u00eatre le premier continent climatiquement neutre\" class=\"wp-show-posts-read-more\" href=\"https:\/\/dcarbon.eu\/index.php\/fr\/2019\/12\/12\/le-green-deal-europeen-leurope-sefforce-detre-le-premier-continent-climatiquement-neutre\/\">+<\/a><\/div><\/div><!-- wp-show-posts-inner --><\/article><article class=\" wp-show-posts-single post-332 post type-post status-publish format-standard has-post-thumbnail hentry category-general-2 wpsp-col-6\" itemtype=\"http:\/\/schema.org\/CreativeWork\" itemscope><div class=\"wp-show-posts-inner\" style=\"\">\t\t\t\t\t\t<header class=\"wp-show-posts-entry-header\">\n\t\t\t\t\t\t\t<h4 class=\"wp-show-posts-entry-title\" itemprop=\"headline\"><a href=\"https:\/\/dcarbon.eu\/index.php\/2019\/12\/12\/a-european-green-deal-europe-striving-to-be-the-first-climate-neutral-continent\/\" rel=\"bookmark\">A European Green Deal: Europe striving to be the first climate-neutral continent<\/a><\/h4><div class=\"wp-show-posts-entry-meta wp-show-posts-entry-meta-below-title post-meta-inline\"><span class=\"wp-show-posts-posted-on wp-show-posts-meta\">\n\t\t\t\t\t<a href=\"https:\/\/dcarbon.eu\/index.php\/2019\/12\/12\/a-european-green-deal-europe-striving-to-be-the-first-climate-neutral-continent\/\" title=\"17 h 07 min\" rel=\"bookmark\"><time class=\"wp-show-posts-entry-date published\" datetime=\"2019-12-12T17:07:27+01:00\" itemprop=\"datePublished\">12 December 2019<\/time><time class=\"wp-show-posts-updated\" datetime=\"2019-12-12T18:07:08+01:00\" itemprop=\"dateModified\">12 December 2019<\/time><\/a>\n\t\t\t\t<\/span><\/div>\t\t\t\t\t\t<\/header><!-- .entry-header -->\n\t\t\t\t\t\t\t<div class=\"wp-show-posts-image  wpsp-image-center \">\n\t\t\t<a href=\"https:\/\/dcarbon.eu\/index.php\/2019\/12\/12\/a-european-green-deal-europe-striving-to-be-the-first-climate-neutral-continent\/\"  title=\"A European Green Deal: Europe striving to be the first climate-neutral continent\"><img loading=\"lazy\" decoding=\"async\" width=\"1920\" height=\"1280\" src=\"https:\/\/dcarbon.eu\/wp-content\/uploads\/2019\/12\/europe-4689510_1920.jpg\" class=\"attachment-full size-full wp-post-image\" alt=\"\" itemprop=\"image\" srcset=\"https:\/\/dcarbon.eu\/wp-content\/uploads\/2019\/12\/europe-4689510_1920.jpg 1920w, https:\/\/dcarbon.eu\/wp-content\/uploads\/2019\/12\/europe-4689510_1920-300x200.jpg 300w, https:\/\/dcarbon.eu\/wp-content\/uploads\/2019\/12\/europe-4689510_1920-1024x683.jpg 1024w, https:\/\/dcarbon.eu\/wp-content\/uploads\/2019\/12\/europe-4689510_1920-768x512.jpg 768w, https:\/\/dcarbon.eu\/wp-content\/uploads\/2019\/12\/europe-4689510_1920-1536x1024.jpg 1536w, https:\/\/dcarbon.eu\/wp-content\/uploads\/2019\/12\/europe-4689510_1920-830x553.jpg 830w, https:\/\/dcarbon.eu\/wp-content\/uploads\/2019\/12\/europe-4689510_1920-230x153.jpg 230w, https:\/\/dcarbon.eu\/wp-content\/uploads\/2019\/12\/europe-4689510_1920-350x233.jpg 350w, https:\/\/dcarbon.eu\/wp-content\/uploads\/2019\/12\/europe-4689510_1920-480x320.jpg 480w\" sizes=\"auto, (max-width: 1920px) 100vw, 1920px\" \/><\/a>\t\t<\/div>\n\t\t\t\t\t\t\t\t<div class=\"wp-show-posts-entry-summary\" itemprop=\"text\">\n\t\t\t\t\t\t\t<p>Becoming the world\u2019s first climate-neutral continent by 2050 is the greatest challenge and opportunity of our times. To achieve this, the European Commission presented the European Green Deal, the most&#8230;<\/p>\n\t\t\t\t\t\t<\/div><!-- .entry-summary -->\n\t\t\t\t\t<div class=\"wpsp-read-more\"><a title=\"A European Green Deal: Europe striving to be the first climate-neutral continent\" class=\"wp-show-posts-read-more\" href=\"https:\/\/dcarbon.eu\/index.php\/2019\/12\/12\/a-european-green-deal-europe-striving-to-be-the-first-climate-neutral-continent\/\">+<\/a><\/div><\/div><!-- wp-show-posts-inner --><\/article><div class=\"wpsp-clear\"><\/div><\/section><!-- .wp-show-posts -->\t\t\t\t\t<\/div>\n\t\t\t\t\t\t<\/div>\n\t\t\t\t<\/div>\n\t\t\t\t\t\t<\/div>\n\t\t\t\t\t<\/div>\n\t\t<\/div>\n\t\t\t\t\t\t\t\t<\/div>\n\t\t\t\t\t<\/div>\n\t\t<\/section>\n\t\t\t\t\t\t\t\t\t<\/div>\n\t\t\t<\/div>\n\t\t\t\t\t<\/div>\n\t\t","protected":false},"excerpt":{"rendered":"","protected":false},"author":1,"featured_media":0,"parent":0,"menu_order":0,"comment_status":"closed","ping_status":"closed","template":"page-templates\/page_front-page.php","meta":{"footnotes":""},"class_list":["post-38","page","type-page","status-publish","hentry"],"_links":{"self":[{"href":"https:\/\/dcarbon.eu\/index.php\/wp-json\/wp\/v2\/pages\/38","targetHints":{"allow":["GET"]}}],"collection":[{"href":"https:\/\/dcarbon.eu\/index.php\/wp-json\/wp\/v2\/pages"}],"about":[{"href":"https:\/\/dcarbon.eu\/index.php\/wp-json\/wp\/v2\/types\/page"}],"author":[{"embeddable":true,"href":"https:\/\/dcarbon.eu\/index.php\/wp-json\/wp\/v2\/users\/1"}],"replies":[{"embeddable":true,"href":"https:\/\/dcarbon.eu\/index.php\/wp-json\/wp\/v2\/comments?post=38"}],"version-history":[{"count":9,"href":"https:\/\/dcarbon.eu\/index.php\/wp-json\/wp\/v2\/pages\/38\/revisions"}],"predecessor-version":[{"id":390,"href":"https:\/\/dcarbon.eu\/index.php\/wp-json\/wp\/v2\/pages\/38\/revisions\/390"}],"wp:attachment":[{"href":"https:\/\/dcarbon.eu\/index.php\/wp-json\/wp\/v2\/media?parent=38"}],"curies":[{"name":"wp","href":"https:\/\/api.w.org\/{rel}","templated":true}]}}